{"id":1999,"date":"2024-02-05T15:36:17","date_gmt":"2024-02-05T15:36:17","guid":{"rendered":"https:\/\/new.markaurelioserramenti.it\/?page_id=1999"},"modified":"2025-02-24T14:40:10","modified_gmt":"2025-02-24T14:40:10","slug":"infissi-avezzano","status":"publish","type":"page","link":"https:\/\/new.markaurelioserramenti.it\/index.php\/infissi-avezzano","title":{"rendered":"INFISSI"},"content":{"rendered":"<div class=\"wpb-content-wrapper\"><p>[vc_row css=&#8221;.vc_custom_1453975727142{padding-top: 90px !important;padding-bottom: 30px !important;}&#8221;][vc_column width=&#8221;1\/3&#8243;][vc_raw_html]JTNDdWwlMjBpZCUzRCUyMnNlcnZpY2VzLWxpc3QlMjIlMjBjbGFzcyUzRCUyMm1lbnUlMjIlM0UlM0NsaSUyMGlkJTNEJTIybWVudS1pdGVtLTE2NTQlMjIlMjBjbGFzcyUzRCUyMm1lbnUtaXRlbSUyMG1lbnUtaXRlbS10eXBlLWN1c3RvbSUyMG1lbnUtaXRlbS1vYmplY3QtY3VzdG9tJTIwY3VycmVudC1tZW51LWl0ZW0lMjBtZW51LWl0ZW0tMTY1NCUyMiUzRSUzQ2ElMjBocmVmJTNEJTIyJTIzJTIyJTIwYXJpYS1jdXJyZW50JTNEJTIycGFnZSUyMiUzRUlORklTU0klM0MlMkZhJTNFJTNDJTJGbGklM0UlMEElM0NsaSUyMGlkJTNEJTIybWVudS1pdGVtLTE2NTUlMjIlMjBjbGFzcyUzRCUyMm1lbnUtaXRlbSUyMG1lbnUtaXRlbS10eXBlLWN1c3RvbSUyMG1lbnUtaXRlbS1vYmplY3QtY3VzdG9tJTIwbWVudS1pdGVtLTE2NTUlMjIlM0UlM0NhJTIwaHJlZiUzRCUyMmh0dHBzJTNBJTJGJTJGbmV3Lm1hcmthdXJlbGlvc2VycmFtZW50aS5pdCUyRmluZGV4LnBocCUyRnphbnphcmllcmUtYXZlenphbm8lMjIlM0VaQU5aQVJJRVJFJTNDJTJGYSUzRSUzQyUyRmxpJTNFJTBBJTNDbGklMjBpZCUzRCUyMm1lbnUtaXRlbS0xNjU1JTIyJTIwY2xhc3MlM0QlMjJtZW51LWl0ZW0lMjBtZW51LWl0ZW0tdHlwZS1jdXN0b20lMjBtZW51LWl0ZW0tb2JqZWN0LWN1c3RvbSUyMG1lbnUtaXRlbS0xNjU1JTIyJTNFJTNDYSUyMGhyZWYlM0QlMjJodHRwcyUzQSUyRiUyRm5ldy5tYXJrYXVyZWxpb3NlcnJhbWVudGkuaXQlMkZpbmRleC5waHAlMkZhdXRvbWF6aW9uZS1hdmV6emFubyUyMiUzRUFVVE9NQVpJT05JJTNDJTJGYSUzRSUzQyUyRmxpJTNFJTBBJTNDbGklMjBpZCUzRCUyMm1lbnUtaXRlbS0xNjU1JTIyJTIwY2xhc3MlM0QlMjJtZW51LWl0ZW0lMjBtZW51LWl0ZW0tdHlwZS1jdXN0b20lMjBtZW51LWl0ZW0tb2JqZWN0LWN1c3RvbSUyMG1lbnUtaXRlbS0xNjU1JTIyJTNFJTNDYSUyMGhyZWYlM0QlMjJodHRwcyUzQSUyRiUyRm5ldy5tYXJrYXVyZWxpb3NlcnJhbWVudGkuaXQlMkZpbmRleC5waHAlMkZwb3J0ZS1pbnRlcm5lJTIyJTNFUE9SVEUlMjBJTlRFUk5FJTNDJTJGYSUzRSUzQyUyRmxpJTNFJTBBJTNDbGklMjBpZCUzRCUyMm1lbnUtaXRlbS0xNjU1JTIyJTIwY2xhc3MlM0QlMjJtZW51LWl0ZW0lMjBtZW51LWl0ZW0tdHlwZS1jdXN0b20lMjBtZW51LWl0ZW0tb2JqZWN0LWN1c3RvbSUyMG1lbnUtaXRlbS0xNjU1JTIyJTNFJTNDYSUyMGhyZWYlM0QlMjJodHRwcyUzQSUyRiUyRm5ldy5tYXJrYXVyZWxpb3NlcnJhbWVudGkuaXQlMkZpbmRleC5waHAlMkZwb3J0b25pJTIyJTNFUE9SVE9OSSUzQyUyRmElM0UlM0MlMkZsaSUzRSUwQSUzQyUyRnVsJTNFJTIw[\/vc_raw_html][vc_single_image image=&#8221;2161&#8243; img_size=&#8221;Large&#8221; add_caption=&#8221;yes&#8221; alignment=&#8221;center&#8221;][\/vc_column][vc_column width=&#8221;1\/3&#8243;][vc_column_text]<\/p>\n<h3>INFISSI &amp; SERRAMENTI<\/h3>\n<hr \/>\n<p>Uno dei principali ambiti della nostra produzione riguarda il settore degli <strong>infissi legno alluminio Avezzano<\/strong>, nonch\u00e9 gli infissi in legno e PVC. Tutti i nostri prodotti sono certificati secondo le normative vigenti, garantendo materiali durevoli, stabilit\u00e0 e resistenza nel tempo.<br \/>\nLa scelta degli <strong>infissi Avezzano<\/strong> rappresenta una decisione cruciale nella realizzazione di un appartamento, di un ufficio o nella progettazione di qualsiasi spazio chiuso. Un\u2019eventuale sostituzione o intervento di riparazione comporta costi elevati e operazioni pi\u00f9 invasive rispetto alla semplice tinteggiatura delle pareti o a piccoli interventi di manutenzione. Per questo motivo, la selezione del materiale pi\u00f9 adatto riveste un&#8217;importanza fondamentale.<br \/>\nTra le soluzioni disponibili, gli<strong> infissi legno Avezzano<\/strong> rappresentano una scelta consolidata. Da sempre, il legno \u00e8 stato il materiale preferito per la realizzazione di porte e finestre, grazie alla sua solidit\u00e0, al fascino estetico e alla longevit\u00e0. Isolante termico per eccellenza, il legno assicura elevate prestazioni, a condizione di una manutenzione adeguata che lo mantenga impermeabile, ben verniciato e nutrito, preservandone cos\u00ec sia l\u2019estetica che le propriet\u00e0 tecniche.<br \/>\nGli <strong>infissi<\/strong> in <strong>legno<\/strong> e <strong>alluminio<\/strong> combinano l\u2019eleganza e il calore del legno con la resistenza e la praticit\u00e0 dell\u2019alluminio. Questo materiale ha visto un crescente apprezzamento grazie alla sua leggerezza e alla facilit\u00e0 di lavorazione, rendendolo ideale per la produzione di infissi di grandi dimensioni o con forme particolari. Nonostante la sua leggerezza, l\u2019alluminio garantisce un\u2019elevata resistenza agli agenti atmosferici e una lunga durata nel tempo. Solitamente, la parte interna di questi serramenti \u00e8 realizzata in legno per assicurare un ottimo isolamento termico, mentre la parte esterna in alluminio offre robustezza e resistenza agli agenti atmosferici.<br \/>\nGli <strong>infissi PVC Avezzano<\/strong> rappresentano un\u2019ulteriore soluzione innovativa nel settore dei serramenti. Il PVC (cloruro di polivinile) \u00e8 un materiale plastico ampiamente diffuso grazie alla sua versatilit\u00e0. Nella produzione di infissi, combina i vantaggi del legno e dell\u2019alluminio, offrendo eccellenti propriet\u00e0 di isolamento termico e acustico, impermeabilit\u00e0, resistenza nel tempo e una vasta gamma di colori e finiture, incluse quelle che replicano l\u2019aspetto del legno. Tuttavia, il PVC potrebbe non essere la soluzione pi\u00f9 adatta per infissi di grandi dimensioni.<br \/>\nOffriamo una gamma completa di soluzioni in grado di soddisfare le esigenze di un mercato sempre pi\u00f9 attento alle innovazioni e orientato verso standard qualitativi elevati.<br \/>\nPer ogni esigenza, proponiamo un prodotto su misura, sviluppato con il supporto dei nostri consulenti. Dopo un\u2019attenta valutazione delle specifiche necessit\u00e0, il nostro team sar\u00e0 in grado di offrire la soluzione pi\u00f9 adatta alle vostre richieste.[\/vc_column_text][\/vc_column][vc_column width=&#8221;1\/3&#8243;][vc_single_image image=&#8221;2165&#8243; img_size=&#8221;large&#8221; add_caption=&#8221;yes&#8221; alignment=&#8221;center&#8221;][vc_single_image image=&#8221;2194&#8243; img_size=&#8221;Large&#8221; add_caption=&#8221;yes&#8221; alignment=&#8221;center&#8221;][vc_single_image image=&#8221;2196&#8243; img_size=&#8221;Large&#8221; add_caption=&#8221;yes&#8221; alignment=&#8221;center&#8221;][vc_single_image image=&#8221;2163&#8243; img_size=&#8221;Large&#8221; add_caption=&#8221;yes&#8221; alignment=&#8221;center&#8221;][\/vc_column][\/vc_row][vc_row el_class=&#8221;call-to-action bg-color dark text-center&#8221; css=&#8221;.vc_custom_1453975681358{padding-top: 60px !important;padding-bottom: 60px !important;}&#8221;][vc_column]\t\t\t\n\t<!-- Element: OT Button --> \n\t\t\t<a href=\"http:\/\/demo.archiwp.com\/contact\/\" target=\"_self\" class=\"btn btn-line-black btn-big  \">RICHIEDI UN PREVENTIVO<\/a>\n\t    \n[\/vc_column][\/vc_row][vc_row][vc_column]\t\n\t<!-- Element: OT Blog Slider -->\n    <div class=\"clearfix\"><\/div>\t\t\t\n    <ul class=\"blog-carousel blog-list blog-snippet wow fadeInUp\" data-visible=\"2\" data-autoplay=\"false\" data-speed=\"200\" data-navspeed=\"800\" data-rewinspeed=\"1000\">\n    \t        <li class=\"col-md-6 item\">\n            <div class=\"post-content\">\n                <div class=\"post-image\">\n                                        \t                  \t\t                  \t\t<a href=\"https:\/\/new.markaurelioserramenti.it\/index.php\/serramenti\/i-migliori-serramenti-sul-mercato\" title=\"I migliori serramenti sul mercato\">\n\t\t\t\t\t\t\t\t<img loading=\"lazy\" decoding=\"async\" width=\"540\" height=\"300\" src=\"https:\/\/new.markaurelioserramenti.it\/wp-content\/uploads\/2015\/07\/pic-blog-4-540x300.jpg\" class=\"attachment-thumb-blog size-thumb-blog wp-post-image\" alt=\"\" title=\"pic-blog-4\" \/>\t\t\t\t\t\t\t<\/a>\n\t\t\t\t\t\t                  \t                <\/div>\n                \t                <div class=\"date-box\">\n\t                    <div class=\"day\">13<\/div>\n\t                    <div class=\"month\">Ago<\/div>\n\t                <\/div>\n                \n                <div class=\"post-text \">\n                    <h3><a href=\"https:\/\/new.markaurelioserramenti.it\/index.php\/serramenti\/i-migliori-serramenti-sul-mercato\">I migliori serramenti sul mercato<\/a><\/h3>\n                    <p>Lorem ipsum dolor sit amet, consectetur adipiscing elit. Nunc mattis ligula pellentesque nisi tristique porta. Vestibulum eget nisi...<\/p>\n                <\/div>\n\n                            <\/div>\n        <\/li>\n               <li class=\"col-md-6 item\">\n            <div class=\"post-content\">\n                <div class=\"post-image\">\n                                                          \t\n\t                  \t\t                  \t\t<a href=\"https:\/\/new.markaurelioserramenti.it\/index.php\/esterni\/prodotti-di-qualita-superiore-per-i-tuoi-esterni\" title=\"Prodotti di qualit\u00e0 superiore per i tuoi esterni\">\n\t\t\t\t\t\t\t\t<img loading=\"lazy\" decoding=\"async\" width=\"540\" height=\"300\" src=\"https:\/\/new.markaurelioserramenti.it\/wp-content\/uploads\/2015\/07\/pic-blog-2-540x300.jpg\" class=\"attachment-thumb-blog size-thumb-blog wp-post-image\" alt=\"\" title=\"pic-blog-2\" \/>\t\n\t\t\t\t\t\t\t<\/a>\t\t\t\t\t\t\t\t\t\t\t\t\n\t\t\t\t\t\t                  \t                <\/div>\n                \t                <div class=\"date-box\">\n\t                    <div class=\"day\">12<\/div>\n\t                    <div class=\"month\">Ago<\/div>\n\t                <\/div>\n                \n                <div class=\"post-text \">\n                    <h3><a href=\"https:\/\/new.markaurelioserramenti.it\/index.php\/esterni\/prodotti-di-qualita-superiore-per-i-tuoi-esterni\">Prodotti di qualit\u00e0 superiore per i tuoi esterni<\/a><\/h3>\n                    <p>Lorem ipsum dolor sit amet, consectetur adipiscing elit. Nunc mattis ligula pellentesque nisi tristique porta. Vestibulum eget nisi...<\/p>\n                <\/div>\n\n                            <\/div>\n        <\/li>\n               <li class=\"col-md-6 item\">\n            <div class=\"post-content\">\n                <div class=\"post-image\">\n                                        \t                  \t\t                  \t\t<a href=\"https:\/\/new.markaurelioserramenti.it\/index.php\/sicurezza\/i-prodotti-con-i-piu-alti-standard-di-sicurezza-del-2025\" title=\"I prodotti con i pi\u00f9 alti standard di sicurezza del 2025\">\n\t\t\t\t\t\t\t\t<img loading=\"lazy\" decoding=\"async\" width=\"540\" height=\"300\" src=\"https:\/\/new.markaurelioserramenti.it\/wp-content\/uploads\/2015\/07\/pic-blog-1-540x300.jpg\" class=\"attachment-thumb-blog size-thumb-blog wp-post-image\" alt=\"\" title=\"pic-blog-1\" \/>\t\t\t\t\t\t\t<\/a>\n\t\t\t\t\t\t                  \t                <\/div>\n                \t                <div class=\"date-box\">\n\t                    <div class=\"day\">11<\/div>\n\t                    <div class=\"month\">Ago<\/div>\n\t                <\/div>\n                \n                <div class=\"post-text \">\n                    <h3><a href=\"https:\/\/new.markaurelioserramenti.it\/index.php\/sicurezza\/i-prodotti-con-i-piu-alti-standard-di-sicurezza-del-2025\">I prodotti con i pi\u00f9 alti standard di sicurezza del 2025<\/a><\/h3>\n                    <p>Lorem ipsum dolor sit amet, consectetur adipiscing elit. Nunc mattis ligula pellentesque nisi tristique porta. Vestibulum eget nisi...<\/p>\n                <\/div>\n\n                            <\/div>\n        <\/li>\n           <\/ul>\n    \n[\/vc_column][\/vc_row]<\/p>\n<\/div>","protected":false},"excerpt":{"rendered":"<p>[vc_row css=&#8221;.vc_custom_1453975727142{padding-top: 90px !important;padding-bottom: 30px !important;}&#8221;][vc_column width=&#8221;1\/3&#8243;][vc_raw_html]JTNDdWwlMjBpZCUzRCUyMnNlcnZpY2VzLWxpc3QlMjIlMjBjbGFzcyUzRCUyMm1lbnUlMjIlM0UlM0NsaSUyMGlkJTNEJTIybWVudS1pdGVtLTE2NTQlMjIlMjBjbGFzcyUzRCUyMm1lbnUtaXRlbSUyMG1lbnUtaXRlbS10eXBlLWN1c3RvbSUyMG1lbnUtaXRlbS1vYmplY3QtY3VzdG9tJTIwY3VycmVudC1tZW51LWl0ZW0lMjBtZW51LWl0ZW0tMTY1NCUyMiUzRSUzQ2ElMjBocmVmJTNEJTIyJTIzJTIyJTIwYXJpYS1jdXJyZW50JTNEJTIycGFnZSUyMiUzRUlORklTU0klM0MlMkZhJTNFJTNDJTJGbGklM0UlMEElM0NsaSUyMGlkJTNEJTIybWVudS1pdGVtLTE2NTUlMjIlMjBjbGFzcyUzRCUyMm1lbnUtaXRlbSUyMG1lbnUtaXRlbS10eXBlLWN1c3RvbSUyMG1lbnUtaXRlbS1vYmplY3QtY3VzdG9tJTIwbWVudS1pdGVtLTE2NTUlMjIlM0UlM0NhJTIwaHJlZiUzRCUyMmh0dHBzJTNBJTJGJTJGbmV3Lm1hcmthdXJlbGlvc2VycmFtZW50aS5pdCUyRmluZGV4LnBocCUyRnphbnphcmllcmUtYXZlenphbm8lMjIlM0VaQU5aQVJJRVJFJTNDJTJGYSUzRSUzQyUyRmxpJTNFJTBBJTNDbGklMjBpZCUzRCUyMm1lbnUtaXRlbS0xNjU1JTIyJTIwY2xhc3MlM0QlMjJtZW51LWl0ZW0lMjBtZW51LWl0ZW0tdHlwZS1jdXN0b20lMjBtZW51LWl0ZW0tb2JqZWN0LWN1c3RvbSUyMG1lbnUtaXRlbS0xNjU1JTIyJTNFJTNDYSUyMGhyZWYlM0QlMjJodHRwcyUzQSUyRiUyRm5ldy5tYXJrYXVyZWxpb3NlcnJhbWVudGkuaXQlMkZpbmRleC5waHAlMkZhdXRvbWF6aW9uZS1hdmV6emFubyUyMiUzRUFVVE9NQVpJT05JJTNDJTJGYSUzRSUzQyUyRmxpJTNFJTBBJTNDbGklMjBpZCUzRCUyMm1lbnUtaXRlbS0xNjU1JTIyJTIwY2xhc3MlM0QlMjJtZW51LWl0ZW0lMjBtZW51LWl0ZW0tdHlwZS1jdXN0b20lMjBtZW51LWl0ZW0tb2JqZWN0LWN1c3RvbSUyMG1lbnUtaXRlbS0xNjU1JTIyJTNFJTNDYSUyMGhyZWYlM0QlMjJodHRwcyUzQSUyRiUyRm5ldy5tYXJrYXVyZWxpb3NlcnJhbWVudGkuaXQlMkZpbmRleC5waHAlMkZwb3J0ZS1pbnRlcm5lJTIyJTNFUE9SVEUlMjBJTlRFUk5FJTNDJTJGYSUzRSUzQyUyRmxpJTNFJTBBJTNDbGklMjBpZCUzRCUyMm1lbnUtaXRlbS0xNjU1JTIyJTIwY2xhc3MlM0QlMjJtZW51LWl0ZW0lMjBtZW51LWl0ZW0tdHlwZS1jdXN0b20lMjBtZW51LWl0ZW0tb2JqZWN0LWN1c3RvbSUyMG1lbnUtaXRlbS0xNjU1JTIyJTNFJTNDYSUyMGhyZWYlM0QlMjJodHRwcyUzQSUyRiUyRm5ldy5tYXJrYXVyZWxpb3NlcnJhbWVudGkuaXQlMkZpbmRleC5waHAlMkZwb3J0b25pJTIyJTNFUE9SVE9OSSUzQyUyRmElM0UlM0MlMkZsaSUzRSUwQSUzQyUyRnVsJTNFJTIw[\/vc_raw_html][vc_single_image image=&#8221;2161&#8243; img_size=&#8221;Large&#8221; add_caption=&#8221;yes&#8221; alignment=&#8221;center&#8221;][\/vc_column][vc_column width=&#8221;1\/3&#8243;][vc_column_text] INFISSI &amp; SERRAMENTI Uno dei principali ambiti della nostra produzione riguarda il settore degli infissi legno alluminio Avezzano, nonch\u00e9 gli infissi in legno e PVC. Tutti i nostri prodotti sono certificati secondo le normative vigenti, garantendo materiali durevoli, stabilit\u00e0 e resistenza nel tempo. [&hellip;]<\/p>\n","protected":false},"author":1,"featured_media":0,"parent":0,"menu_order":0,"comment_status":"closed","ping_status":"closed","template":"page-templates\/template-fullwidth.php","meta":{"footnotes":""},"class_list":["post-1999","page","type-page","status-publish","hentry"],"_links":{"self":[{"href":"https:\/\/new.markaurelioserramenti.it\/index.php\/wp-json\/wp\/v2\/pages\/1999","targetHints":{"allow":["GET"]}}],"collection":[{"href":"https:\/\/new.markaurelioserramenti.it\/index.php\/wp-json\/wp\/v2\/pages"}],"about":[{"href":"https:\/\/new.markaurelioserramenti.it\/index.php\/wp-json\/wp\/v2\/types\/page"}],"author":[{"embeddable":true,"href":"https:\/\/new.markaurelioserramenti.it\/index.php\/wp-json\/wp\/v2\/users\/1"}],"replies":[{"embeddable":true,"href":"https:\/\/new.markaurelioserramenti.it\/index.php\/wp-json\/wp\/v2\/comments?post=1999"}],"version-history":[{"count":13,"href":"https:\/\/new.markaurelioserramenti.it\/index.php\/wp-json\/wp\/v2\/pages\/1999\/revisions"}],"predecessor-version":[{"id":2257,"href":"https:\/\/new.markaurelioserramenti.it\/index.php\/wp-json\/wp\/v2\/pages\/1999\/revisions\/2257"}],"wp:attachment":[{"href":"https:\/\/new.markaurelioserramenti.it\/index.php\/wp-json\/wp\/v2\/media?parent=1999"}],"curies":[{"name":"wp","href":"https:\/\/api.w.org\/{rel}","templated":true}]}}