{"id":1931,"date":"2024-02-05T15:38:28","date_gmt":"2024-02-05T15:38:28","guid":{"rendered":"https:\/\/new.markaurelioserramenti.it\/?page_id=1931"},"modified":"2025-02-25T13:15:11","modified_gmt":"2025-02-25T13:15:11","slug":"portoni","status":"publish","type":"page","link":"https:\/\/new.markaurelioserramenti.it\/index.php\/portoni","title":{"rendered":"PORTONI"},"content":{"rendered":"<div class=\"wpb-content-wrapper\"><p>[vc_row css=&#8221;.vc_custom_1453975727142{padding-top: 90px !important;padding-bottom: 30px !important;}&#8221;][vc_column width=&#8221;1\/3&#8243;][vc_raw_html]JTNDdWwlMjBpZCUzRCUyMnNlcnZpY2VzLWxpc3QlMjIlMjBjbGFzcyUzRCUyMm1lbnUlMjIlM0UlM0NsaSUyMGlkJTNEJTIybWVudS1pdGVtLTE2NTQlMjIlMjBjbGFzcyUzRCUyMm1lbnUtaXRlbSUyMG1lbnUtaXRlbS10eXBlLWN1c3RvbSUyMG1lbnUtaXRlbS1vYmplY3QtY3VzdG9tJTIwY3VycmVudC1tZW51LWl0ZW0lMjBtZW51LWl0ZW0tMTY1NCUyMiUzRSUzQ2ElMjBocmVmJTNEJTIyJTIzJTIyJTIwYXJpYS1jdXJyZW50JTNEJTIycGFnZSUyMiUzRVBPUlRPTkklM0MlMkZhJTNFJTNDJTJGbGklM0UlMEElM0NsaSUyMGlkJTNEJTIybWVudS1pdGVtLTE2NTUlMjIlMjBjbGFzcyUzRCUyMm1lbnUtaXRlbSUyMG1lbnUtaXRlbS10eXBlLWN1c3RvbSUyMG1lbnUtaXRlbS1vYmplY3QtY3VzdG9tJTIwbWVudS1pdGVtLTE2NTUlMjIlM0UlM0NhJTIwaHJlZiUzRCUyMmh0dHBzJTNBJTJGJTJGbmV3Lm1hcmthdXJlbGlvc2VycmFtZW50aS5pdCUyRmluZGV4LnBocCUyRmluZmlzc2ktYXZlenphbm8lMjIlM0VJTkZJU1NJJTNDJTJGYSUzRSUzQyUyRmxpJTNFJTBBJTNDbGklMjBpZCUzRCUyMm1lbnUtaXRlbS0xNjU1JTIyJTIwY2xhc3MlM0QlMjJtZW51LWl0ZW0lMjBtZW51LWl0ZW0tdHlwZS1jdXN0b20lMjBtZW51LWl0ZW0tb2JqZWN0LWN1c3RvbSUyMG1lbnUtaXRlbS0xNjU1JTIyJTNFJTNDYSUyMGhyZWYlM0QlMjJodHRwcyUzQSUyRiUyRm5ldy5tYXJrYXVyZWxpb3NlcnJhbWVudGkuaXQlMkZpbmRleC5waHAlMkZ6YW56YXJpZXJlLWF2ZXp6YW5vJTIyJTNFWkFOWkFSSUVSRSUzQyUyRmElM0UlM0MlMkZsaSUzRSUwQSUzQ2xpJTIwaWQlM0QlMjJtZW51LWl0ZW0tMTY1NSUyMiUyMGNsYXNzJTNEJTIybWVudS1pdGVtJTIwbWVudS1pdGVtLXR5cGUtY3VzdG9tJTIwbWVudS1pdGVtLW9iamVjdC1jdXN0b20lMjBtZW51LWl0ZW0tMTY1NSUyMiUzRSUzQ2ElMjBocmVmJTNEJTIyaHR0cHMlM0ElMkYlMkZuZXcubWFya2F1cmVsaW9zZXJyYW1lbnRpLml0JTJGaW5kZXgucGhwJTJGYXV0b21hemlvbmUtYXZlenphbm8lMjIlM0VBVVRPTUFaSU9OSSUzQyUyRmElM0UlM0MlMkZsaSUzRSUwQSUzQ2xpJTIwaWQlM0QlMjJtZW51LWl0ZW0tMTY1NSUyMiUyMGNsYXNzJTNEJTIybWVudS1pdGVtJTIwbWVudS1pdGVtLXR5cGUtY3VzdG9tJTIwbWVudS1pdGVtLW9iamVjdC1jdXN0b20lMjBtZW51LWl0ZW0tMTY1NSUyMiUzRSUzQ2ElMjBocmVmJTNEJTIyaHR0cHMlM0ElMkYlMkZuZXcubWFya2F1cmVsaW9zZXJyYW1lbnRpLml0JTJGaW5kZXgucGhwJTJGcG9ydGUtaW50ZXJuZSUyMiUzRVBPUlRFJTIwSU5URVJORSUzQyUyRmElM0UlM0MlMkZsaSUzRSUwQSUzQyUyRnVsJTNFJTIw[\/vc_raw_html][\/vc_column][vc_column width=&#8221;1\/3&#8243;][vc_column_text]<\/p>\n<h3>PORTONI<\/h3>\n<hr \/>\n<h3 data-start=\"193\" data-end=\"260\">Portoni Avezzano: Qualit\u00e0, Design e Sicurezza con Markaurelio<\/h3>\n<p data-start=\"262\" data-end=\"600\">Se cerchi <strong data-start=\"272\" data-end=\"295\">portoni ad Avezzano<\/strong> che uniscano estetica, resistenza e funzionalit\u00e0, <strong data-start=\"346\" data-end=\"361\">Markaurelio<\/strong> \u00e8 la scelta ideale. Da anni, l\u2019azienda realizza <strong data-start=\"410\" data-end=\"431\">portoni su misura<\/strong> per abitazioni, garage e attivit\u00e0 commerciali, offrendo soluzioni che combinano materiali di alta qualit\u00e0, tecnologie avanzate e un\u2019attenzione sartoriale ai dettagli.<\/p>\n<h4 data-start=\"602\" data-end=\"677\"><strong data-start=\"607\" data-end=\"675\">Portoni ad Avezzano: la qualit\u00e0 artigianale che fa la differenza<\/strong><\/h4>\n<p data-start=\"679\" data-end=\"882\">Un portone non \u00e8 solo un elemento strutturale, ma un biglietto da visita per la tua casa o il tuo negozio. Markaurelio lo sa bene e per questo progetta <strong data-start=\"831\" data-end=\"857\">portoni personalizzati<\/strong>, curando ogni aspetto:<\/p>\n<ul data-start=\"884\" data-end=\"1262\">\n<li data-start=\"884\" data-end=\"1006\"><strong data-start=\"886\" data-end=\"921\">Materiali resistenti e durevoli<\/strong>: legno, acciaio, alluminio e soluzioni ibride per garantire sicurezza e longevit\u00e0.<\/li>\n<li data-start=\"1007\" data-end=\"1144\"><strong data-start=\"1009\" data-end=\"1029\">Design su misura<\/strong>: possibilit\u00e0 di scegliere colori, finiture e dettagli per un\u2019estetica perfettamente integrata con il tuo spazio.<\/li>\n<li data-start=\"1145\" data-end=\"1262\"><strong data-start=\"1147\" data-end=\"1170\">Tecnologie avanzate<\/strong>: sistemi di apertura automatizzati e soluzioni smart per la massima comodit\u00e0 e sicurezza.<\/li>\n<\/ul>\n<h4 data-start=\"1264\" data-end=\"1346\"><strong data-start=\"1269\" data-end=\"1344\">Produzione e installazione di portoni ad Avezzano: un servizio completo<\/strong><\/h4>\n<p data-start=\"1348\" data-end=\"1632\">Dalla progettazione all\u2019installazione, Markaurelio offre un servizio chiavi in mano per chi cerca <strong data-start=\"1446\" data-end=\"1469\">portoni ad Avezzano<\/strong> di alta qualit\u00e0. Ogni portone viene realizzato da artigiani esperti, garantendo robustezza, isolamento termico e un design in linea con le esigenze del cliente.<\/p>\n<p data-start=\"1634\" data-end=\"1757\">Inoltre, l\u2019azienda assicura un\u2019<strong data-start=\"1665\" data-end=\"1710\">installazione professionale e certificata<\/strong>, per un montaggio perfetto e senza sorprese.<\/p>\n<h4 data-start=\"1759\" data-end=\"1830\"><strong data-start=\"1764\" data-end=\"1828\">Perch\u00e9 scegliere Markaurelio per i tuoi portoni ad Avezzano?<\/strong><\/h4>\n<p data-start=\"1832\" data-end=\"2174\">\u2714 <strong data-start=\"1834\" data-end=\"1863\">Esperienza e affidabilit\u00e0<\/strong>: anni di specializzazione nel settore della produzione di portoni.<br data-start=\"1930\" data-end=\"1933\" \/>\u2714 <strong data-start=\"1935\" data-end=\"1963\">Personalizzazione totale<\/strong>: ogni portone \u00e8 progettato su misura.<br data-start=\"2001\" data-end=\"2004\" \/>\u2714 <strong data-start=\"2006\" data-end=\"2035\">Materiali di alta qualit\u00e0<\/strong>: solo soluzioni resistenti e durevoli.<br data-start=\"2074\" data-end=\"2077\" \/>\u2714 <strong data-start=\"2079\" data-end=\"2100\">Servizio completo<\/strong>: dalla consulenza iniziale all\u2019installazione e assistenza post-vendita.<\/p>\n<h4 data-start=\"2176\" data-end=\"2238\"><strong data-start=\"2181\" data-end=\"2236\">Richiedi un preventivo per il tuo portone su misura<\/strong><\/h4>\n<p data-start=\"2240\" data-end=\"2473\">Se desideri un <strong data-start=\"2255\" data-end=\"2278\">portone ad Avezzano<\/strong> che unisca <strong data-start=\"2290\" data-end=\"2324\">design, sicurezza e resistenza<\/strong>, affidati a Markaurelio. Contattaci oggi stesso per una consulenza gratuita e scopri le migliori soluzioni per la tua casa o attivit\u00e0 commerciale.<\/p>\n<p data-start=\"2475\" data-end=\"2528\">\ud83d\udcde <strong data-start=\"2478\" data-end=\"2492\">Chiama ora<\/strong> per un preventivo personalizzato!<\/p>\n<p>[\/vc_column_text][\/vc_column][vc_column width=&#8221;1\/3&#8243;][vc_single_image image=&#8221;2220&#8243; img_size=&#8221;Large&#8221; add_caption=&#8221;yes&#8221; alignment=&#8221;center&#8221;][vc_single_image image=&#8221;2219&#8243; img_size=&#8221;Large&#8221; add_caption=&#8221;yes&#8221; alignment=&#8221;center&#8221;][vc_single_image image=&#8221;2221&#8243; img_size=&#8221;Large&#8221; add_caption=&#8221;yes&#8221; alignment=&#8221;center&#8221;][vc_single_image image=&#8221;2218&#8243; img_size=&#8221;Large&#8221; add_caption=&#8221;yes&#8221; alignment=&#8221;center&#8221;][\/vc_column][\/vc_row][vc_row el_class=&#8221;call-to-action bg-color dark text-center&#8221; css=&#8221;.vc_custom_1453975681358{padding-top: 60px !important;padding-bottom: 60px !important;}&#8221;][vc_column]\t\t\t\n\t<!-- Element: OT Button --> \n\t\t\t<a href=\"http:\/\/demo.archiwp.com\/contact\/\" target=\"_self\" class=\"btn btn-line-black btn-big  \">RICHIEDI UN PREVENTIVO<\/a>\n\t    \n[\/vc_column][\/vc_row][vc_row][vc_column]\t\n\t<!-- Element: OT Blog Slider -->\n    <div class=\"clearfix\"><\/div>\t\t\t\n    <ul class=\"blog-carousel blog-list blog-snippet wow fadeInUp\" data-visible=\"2\" data-autoplay=\"false\" data-speed=\"200\" data-navspeed=\"800\" data-rewinspeed=\"1000\">\n    \t        <li class=\"col-md-6 item\">\n            <div class=\"post-content\">\n                <div class=\"post-image\">\n                                        \t                  \t\t                  \t\t<a href=\"https:\/\/new.markaurelioserramenti.it\/index.php\/serramenti\/i-migliori-serramenti-sul-mercato\" title=\"I migliori serramenti sul mercato\">\n\t\t\t\t\t\t\t\t<img loading=\"lazy\" decoding=\"async\" width=\"540\" height=\"300\" src=\"https:\/\/new.markaurelioserramenti.it\/wp-content\/uploads\/2015\/07\/pic-blog-4-540x300.jpg\" class=\"attachment-thumb-blog size-thumb-blog wp-post-image\" alt=\"\" title=\"pic-blog-4\" \/>\t\t\t\t\t\t\t<\/a>\n\t\t\t\t\t\t                  \t                <\/div>\n                \t                <div class=\"date-box\">\n\t                    <div class=\"day\">13<\/div>\n\t                    <div class=\"month\">Ago<\/div>\n\t                <\/div>\n                \n                <div class=\"post-text \">\n                    <h3><a href=\"https:\/\/new.markaurelioserramenti.it\/index.php\/serramenti\/i-migliori-serramenti-sul-mercato\">I migliori serramenti sul mercato<\/a><\/h3>\n                    <p>Lorem ipsum dolor sit amet, consectetur adipiscing elit. Nunc mattis ligula pellentesque nisi tristique porta. Vestibulum eget nisi...<\/p>\n                <\/div>\n\n                            <\/div>\n        <\/li>\n               <li class=\"col-md-6 item\">\n            <div class=\"post-content\">\n                <div class=\"post-image\">\n                                                          \t\n\t                  \t\t                  \t\t<a href=\"https:\/\/new.markaurelioserramenti.it\/index.php\/esterni\/prodotti-di-qualita-superiore-per-i-tuoi-esterni\" title=\"Prodotti di qualit\u00e0 superiore per i tuoi esterni\">\n\t\t\t\t\t\t\t\t<img loading=\"lazy\" decoding=\"async\" width=\"540\" height=\"300\" src=\"https:\/\/new.markaurelioserramenti.it\/wp-content\/uploads\/2015\/07\/pic-blog-2-540x300.jpg\" class=\"attachment-thumb-blog size-thumb-blog wp-post-image\" alt=\"\" title=\"pic-blog-2\" \/>\t\n\t\t\t\t\t\t\t<\/a>\t\t\t\t\t\t\t\t\t\t\t\t\n\t\t\t\t\t\t                  \t                <\/div>\n                \t                <div class=\"date-box\">\n\t                    <div class=\"day\">12<\/div>\n\t                    <div class=\"month\">Ago<\/div>\n\t                <\/div>\n                \n                <div class=\"post-text \">\n                    <h3><a href=\"https:\/\/new.markaurelioserramenti.it\/index.php\/esterni\/prodotti-di-qualita-superiore-per-i-tuoi-esterni\">Prodotti di qualit\u00e0 superiore per i tuoi esterni<\/a><\/h3>\n                    <p>Lorem ipsum dolor sit amet, consectetur adipiscing elit. Nunc mattis ligula pellentesque nisi tristique porta. Vestibulum eget nisi...<\/p>\n                <\/div>\n\n                            <\/div>\n        <\/li>\n               <li class=\"col-md-6 item\">\n            <div class=\"post-content\">\n                <div class=\"post-image\">\n                                        \t                  \t\t                  \t\t<a href=\"https:\/\/new.markaurelioserramenti.it\/index.php\/sicurezza\/i-prodotti-con-i-piu-alti-standard-di-sicurezza-del-2025\" title=\"I prodotti con i pi\u00f9 alti standard di sicurezza del 2025\">\n\t\t\t\t\t\t\t\t<img loading=\"lazy\" decoding=\"async\" width=\"540\" height=\"300\" src=\"https:\/\/new.markaurelioserramenti.it\/wp-content\/uploads\/2015\/07\/pic-blog-1-540x300.jpg\" class=\"attachment-thumb-blog size-thumb-blog wp-post-image\" alt=\"\" title=\"pic-blog-1\" \/>\t\t\t\t\t\t\t<\/a>\n\t\t\t\t\t\t                  \t                <\/div>\n                \t                <div class=\"date-box\">\n\t                    <div class=\"day\">11<\/div>\n\t                    <div class=\"month\">Ago<\/div>\n\t                <\/div>\n                \n                <div class=\"post-text \">\n                    <h3><a href=\"https:\/\/new.markaurelioserramenti.it\/index.php\/sicurezza\/i-prodotti-con-i-piu-alti-standard-di-sicurezza-del-2025\">I prodotti con i pi\u00f9 alti standard di sicurezza del 2025<\/a><\/h3>\n                    <p>Lorem ipsum dolor sit amet, consectetur adipiscing elit. Nunc mattis ligula pellentesque nisi tristique porta. Vestibulum eget nisi...<\/p>\n                <\/div>\n\n                            <\/div>\n        <\/li>\n           <\/ul>\n    \n[\/vc_column][\/vc_row]<\/p>\n<\/div>","protected":false},"excerpt":{"rendered":"<p>[vc_row css=&#8221;.vc_custom_1453975727142{padding-top: 90px !important;padding-bottom: 30px !important;}&#8221;][vc_column width=&#8221;1\/3&#8243;][vc_raw_html]JTNDdWwlMjBpZCUzRCUyMnNlcnZpY2VzLWxpc3QlMjIlMjBjbGFzcyUzRCUyMm1lbnUlMjIlM0UlM0NsaSUyMGlkJTNEJTIybWVudS1pdGVtLTE2NTQlMjIlMjBjbGFzcyUzRCUyMm1lbnUtaXRlbSUyMG1lbnUtaXRlbS10eXBlLWN1c3RvbSUyMG1lbnUtaXRlbS1vYmplY3QtY3VzdG9tJTIwY3VycmVudC1tZW51LWl0ZW0lMjBtZW51LWl0ZW0tMTY1NCUyMiUzRSUzQ2ElMjBocmVmJTNEJTIyJTIzJTIyJTIwYXJpYS1jdXJyZW50JTNEJTIycGFnZSUyMiUzRVBPUlRPTkklM0MlMkZhJTNFJTNDJTJGbGklM0UlMEElM0NsaSUyMGlkJTNEJTIybWVudS1pdGVtLTE2NTUlMjIlMjBjbGFzcyUzRCUyMm1lbnUtaXRlbSUyMG1lbnUtaXRlbS10eXBlLWN1c3RvbSUyMG1lbnUtaXRlbS1vYmplY3QtY3VzdG9tJTIwbWVudS1pdGVtLTE2NTUlMjIlM0UlM0NhJTIwaHJlZiUzRCUyMmh0dHBzJTNBJTJGJTJGbmV3Lm1hcmthdXJlbGlvc2VycmFtZW50aS5pdCUyRmluZGV4LnBocCUyRmluZmlzc2ktYXZlenphbm8lMjIlM0VJTkZJU1NJJTNDJTJGYSUzRSUzQyUyRmxpJTNFJTBBJTNDbGklMjBpZCUzRCUyMm1lbnUtaXRlbS0xNjU1JTIyJTIwY2xhc3MlM0QlMjJtZW51LWl0ZW0lMjBtZW51LWl0ZW0tdHlwZS1jdXN0b20lMjBtZW51LWl0ZW0tb2JqZWN0LWN1c3RvbSUyMG1lbnUtaXRlbS0xNjU1JTIyJTNFJTNDYSUyMGhyZWYlM0QlMjJodHRwcyUzQSUyRiUyRm5ldy5tYXJrYXVyZWxpb3NlcnJhbWVudGkuaXQlMkZpbmRleC5waHAlMkZ6YW56YXJpZXJlLWF2ZXp6YW5vJTIyJTNFWkFOWkFSSUVSRSUzQyUyRmElM0UlM0MlMkZsaSUzRSUwQSUzQ2xpJTIwaWQlM0QlMjJtZW51LWl0ZW0tMTY1NSUyMiUyMGNsYXNzJTNEJTIybWVudS1pdGVtJTIwbWVudS1pdGVtLXR5cGUtY3VzdG9tJTIwbWVudS1pdGVtLW9iamVjdC1jdXN0b20lMjBtZW51LWl0ZW0tMTY1NSUyMiUzRSUzQ2ElMjBocmVmJTNEJTIyaHR0cHMlM0ElMkYlMkZuZXcubWFya2F1cmVsaW9zZXJyYW1lbnRpLml0JTJGaW5kZXgucGhwJTJGYXV0b21hemlvbmUtYXZlenphbm8lMjIlM0VBVVRPTUFaSU9OSSUzQyUyRmElM0UlM0MlMkZsaSUzRSUwQSUzQ2xpJTIwaWQlM0QlMjJtZW51LWl0ZW0tMTY1NSUyMiUyMGNsYXNzJTNEJTIybWVudS1pdGVtJTIwbWVudS1pdGVtLXR5cGUtY3VzdG9tJTIwbWVudS1pdGVtLW9iamVjdC1jdXN0b20lMjBtZW51LWl0ZW0tMTY1NSUyMiUzRSUzQ2ElMjBocmVmJTNEJTIyaHR0cHMlM0ElMkYlMkZuZXcubWFya2F1cmVsaW9zZXJyYW1lbnRpLml0JTJGaW5kZXgucGhwJTJGcG9ydGUtaW50ZXJuZSUyMiUzRVBPUlRFJTIwSU5URVJORSUzQyUyRmElM0UlM0MlMkZsaSUzRSUwQSUzQyUyRnVsJTNFJTIw[\/vc_raw_html][\/vc_column][vc_column width=&#8221;1\/3&#8243;][vc_column_text] PORTONI Portoni Avezzano: Qualit\u00e0, Design e Sicurezza con Markaurelio Se cerchi portoni ad Avezzano che uniscano estetica, resistenza e funzionalit\u00e0, Markaurelio \u00e8 la scelta ideale. Da anni, l\u2019azienda realizza portoni su misura per abitazioni, garage e attivit\u00e0 commerciali, offrendo soluzioni che combinano materiali di alta qualit\u00e0, tecnologie [&hellip;]<\/p>\n","protected":false},"author":1,"featured_media":0,"parent":0,"menu_order":0,"comment_status":"closed","ping_status":"closed","template":"page-templates\/template-fullwidth.php","meta":{"footnotes":""},"class_list":["post-1931","page","type-page","status-publish","hentry"],"_links":{"self":[{"href":"https:\/\/new.markaurelioserramenti.it\/index.php\/wp-json\/wp\/v2\/pages\/1931","targetHints":{"allow":["GET"]}}],"collection":[{"href":"https:\/\/new.markaurelioserramenti.it\/index.php\/wp-json\/wp\/v2\/pages"}],"about":[{"href":"https:\/\/new.markaurelioserramenti.it\/index.php\/wp-json\/wp\/v2\/types\/page"}],"author":[{"embeddable":true,"href":"https:\/\/new.markaurelioserramenti.it\/index.php\/wp-json\/wp\/v2\/users\/1"}],"replies":[{"embeddable":true,"href":"https:\/\/new.markaurelioserramenti.it\/index.php\/wp-json\/wp\/v2\/comments?post=1931"}],"version-history":[{"count":10,"href":"https:\/\/new.markaurelioserramenti.it\/index.php\/wp-json\/wp\/v2\/pages\/1931\/revisions"}],"predecessor-version":[{"id":2266,"href":"https:\/\/new.markaurelioserramenti.it\/index.php\/wp-json\/wp\/v2\/pages\/1931\/revisions\/2266"}],"wp:attachment":[{"href":"https:\/\/new.markaurelioserramenti.it\/index.php\/wp-json\/wp\/v2\/media?parent=1931"}],"curies":[{"name":"wp","href":"https:\/\/api.w.org\/{rel}","templated":true}]}}