{"id":1862,"date":"2024-02-05T15:03:19","date_gmt":"2024-02-05T15:03:19","guid":{"rendered":"https:\/\/new.markaurelioserramenti.it\/?page_id=1862"},"modified":"2025-02-24T14:56:18","modified_gmt":"2025-02-24T14:56:18","slug":"fabbroavezzano","status":"publish","type":"page","link":"https:\/\/new.markaurelioserramenti.it\/index.php\/fabbroavezzano","title":{"rendered":"FABBRO"},"content":{"rendered":"<div class=\"wpb-content-wrapper\"><p>[vc_row css=&#8221;.vc_custom_1453975727142{padding-top: 90px !important;padding-bottom: 30px !important;}&#8221;][vc_column width=&#8221;1\/3&#8243;][vc_raw_html]JTNDdWwlMjBpZCUzRCUyMnNlcnZpY2VzLWxpc3QlMjIlMjBjbGFzcyUzRCUyMm1lbnUlMjIlM0UlM0NsaSUyMGlkJTNEJTIybWVudS1pdGVtLTE2NTQlMjIlMjBjbGFzcyUzRCUyMm1lbnUtaXRlbSUyMG1lbnUtaXRlbS10eXBlLWN1c3RvbSUyMG1lbnUtaXRlbS1vYmplY3QtY3VzdG9tJTIwY3VycmVudC1tZW51LWl0ZW0lMjBtZW51LWl0ZW0tMTY1NCUyMiUzRSUzQ2ElMjBocmVmJTNEJTIyJTIzJTIyJTIwYXJpYS1jdXJyZW50JTNEJTIycGFnZSUyMiUzRUZBQkJSTyUzQyUyRmElM0UlM0MlMkZsaSUzRSUwQSUzQ2xpJTIwaWQlM0QlMjJtZW51LWl0ZW0tMTY1NSUyMiUyMGNsYXNzJTNEJTIybWVudS1pdGVtJTIwbWVudS1pdGVtLXR5cGUtY3VzdG9tJTIwbWVudS1pdGVtLW9iamVjdC1jdXN0b20lMjBtZW51LWl0ZW0tMTY1NSUyMiUzRSUzQ2ElMjBocmVmJTNEJTIyaHR0cHMlM0ElMkYlMkZuZXcubWFya2F1cmVsaW9zZXJyYW1lbnRpLml0JTJGaW5kZXgucGhwJTJGbGF2b3JhemlvbmktbGFtaWVyYXRpLWF2ZXp6YW5vJTIyJTNFTEFNSUVSQVRJJTNDJTJGYSUzRSUzQyUyRmxpJTNFJTBBJTNDbGklMjBpZCUzRCUyMm1lbnUtaXRlbS0xNjU1JTIyJTIwY2xhc3MlM0QlMjJtZW51LWl0ZW0lMjBtZW51LWl0ZW0tdHlwZS1jdXN0b20lMjBtZW51LWl0ZW0tb2JqZWN0LWN1c3RvbSUyMG1lbnUtaXRlbS0xNjU1JTIyJTNFJTNDYSUyMGhyZWYlM0QlMjJodHRwcyUzQSUyRiUyRm5ldy5tYXJrYXVyZWxpb3NlcnJhbWVudGkuaXQlMkZpbmRleC5waHAlMkZhY2NpYWlvLWlub3gtYXZlenphbm8lMjIlM0VBQ0NJQUlPJTIwSU5PWCUzQyUyRmElM0UlM0MlMkZsaSUzRSUwQSUzQyUyRnVsJTNFJTIw[\/vc_raw_html][\/vc_column][vc_column width=&#8221;1\/3&#8243;][vc_column_text]<\/p>\n<h3>FABBRO<\/h3>\n<hr \/>\n<p>Hai bisogno di un\u00a0<strong>fabbro ad Avezzano<\/strong>\u00a0che sia pronto a intervenire in caso di necessit\u00e0? Vuoi richiedere alcune lavorazioni in ferro di qualit\u00e0 o migliorie e modifiche per la tua casa? La nostra azienda vanta pi\u00f9 di 25 anni di esperienza nel campo della lavorazione del ferro sotto tutti i suoi aspetti, dalle forme di pi\u00f9 puro artigianato alla produzione di elementi in ferro per \u00a0proteggere il tuo appartamento o la tua attivit\u00e0 commerciale dalle effrazioni da parte di malintenzionati.<\/p>\n<p><strong>Fabbro Avezzano<\/strong>? Niente di pi\u00f9 semplice. Di qualsiasi produzione in ferro la tua casa abbia bisogno, noi siamo in grado di fornirtela. La nostra offerta comprende cancelli in ferro per mettere in sicurezza una villa, un negozio o un\u2019area aperta privata; produzione e posa in opera di grate in ferro alle finestre, consigliate in zone isolate o per appartamenti a piano terra o al primo piano di un condominio; produzione di recinti in ferro o di ringhiere per i balconi o per scalinate interne o esterne. In ognuna delle nostre creazioni in ferro puoi scegliere di privilegiare la sicurezza, l\u2019estetica o entrambe, per un risultato finale che garantisca protezione ma che sia anche gradevole esteticamente.<\/p>\n<p>Oltre alle classiche lavorazioni del ferro, la nostra azienda garantisce\u00a0un impeccabile\u00a0servizio di pronto intervento che include la riparazione e la sostituzione di serrature, sblocco porte e portoni blindati, sblocco cancelli, sblocco serrature automatizzate, apertura grate, apertura casseforti, apertura serrande garage e tutti quei servizi che richiedono un intervento\u00a0<strong>fabbro urgente ad Avezzano<\/strong>.<\/p>\n<p>Chiamaci subito e richiedi un intervento tempestivo:\u00a0siamo in grado di sbloccare e riparare ogni genere di serratura, di qualsiasi marca, che sia di nuova o di vecchia generazione, grazie a una lunga esperienza e alla continua ricerca e aggiornamento nel campo della sicurezza.[\/vc_column_text][\/vc_column][vc_column width=&#8221;1\/3&#8243;][vc_single_image image=&#8221;2209&#8243; img_size=&#8221;Large&#8221; add_caption=&#8221;yes&#8221; alignment=&#8221;center&#8221;][vc_single_image image=&#8221;2210&#8243; img_size=&#8221;Large&#8221; add_caption=&#8221;yes&#8221; alignment=&#8221;center&#8221;][\/vc_column][\/vc_row][vc_row el_class=&#8221;call-to-action bg-color dark text-center&#8221; css=&#8221;.vc_custom_1453975681358{padding-top: 60px !important;padding-bottom: 60px !important;}&#8221;][vc_column]\t\t\t\n\t<!-- Element: OT Button --> \n\t\t\t<a href=\"http:\/\/demo.archiwp.com\/contact\/\" target=\"_self\" class=\"btn btn-line-black btn-big  \">RICHIEDI UN PREVENTIVO<\/a>\n\t    \n[\/vc_column][\/vc_row][vc_row][vc_column]\t\n\t<!-- Element: OT Blog Slider -->\n    <div class=\"clearfix\"><\/div>\t\t\t\n    <ul class=\"blog-carousel blog-list blog-snippet wow fadeInUp\" data-visible=\"2\" data-autoplay=\"false\" data-speed=\"200\" data-navspeed=\"800\" data-rewinspeed=\"1000\">\n    \t        <li class=\"col-md-6 item\">\n            <div class=\"post-content\">\n                <div class=\"post-image\">\n                                        \t                  \t\t                  \t\t<a href=\"https:\/\/new.markaurelioserramenti.it\/index.php\/serramenti\/i-migliori-serramenti-sul-mercato\" title=\"I migliori serramenti sul mercato\">\n\t\t\t\t\t\t\t\t<img loading=\"lazy\" decoding=\"async\" width=\"540\" height=\"300\" src=\"https:\/\/new.markaurelioserramenti.it\/wp-content\/uploads\/2015\/07\/pic-blog-4-540x300.jpg\" class=\"attachment-thumb-blog size-thumb-blog wp-post-image\" alt=\"\" title=\"pic-blog-4\" \/>\t\t\t\t\t\t\t<\/a>\n\t\t\t\t\t\t                  \t                <\/div>\n                \t                <div class=\"date-box\">\n\t                    <div class=\"day\">13<\/div>\n\t                    <div class=\"month\">Ago<\/div>\n\t                <\/div>\n                \n                <div class=\"post-text \">\n                    <h3><a href=\"https:\/\/new.markaurelioserramenti.it\/index.php\/serramenti\/i-migliori-serramenti-sul-mercato\">I migliori serramenti sul mercato<\/a><\/h3>\n                    <p>Lorem ipsum dolor sit amet, consectetur adipiscing elit. Nunc mattis ligula pellentesque nisi tristique porta. Vestibulum eget nisi...<\/p>\n                <\/div>\n\n                            <\/div>\n        <\/li>\n               <li class=\"col-md-6 item\">\n            <div class=\"post-content\">\n                <div class=\"post-image\">\n                                                          \t\n\t                  \t\t                  \t\t<a href=\"https:\/\/new.markaurelioserramenti.it\/index.php\/esterni\/prodotti-di-qualita-superiore-per-i-tuoi-esterni\" title=\"Prodotti di qualit\u00e0 superiore per i tuoi esterni\">\n\t\t\t\t\t\t\t\t<img loading=\"lazy\" decoding=\"async\" width=\"540\" height=\"300\" src=\"https:\/\/new.markaurelioserramenti.it\/wp-content\/uploads\/2015\/07\/pic-blog-2-540x300.jpg\" class=\"attachment-thumb-blog size-thumb-blog wp-post-image\" alt=\"\" title=\"pic-blog-2\" \/>\t\n\t\t\t\t\t\t\t<\/a>\t\t\t\t\t\t\t\t\t\t\t\t\n\t\t\t\t\t\t                  \t                <\/div>\n                \t                <div class=\"date-box\">\n\t                    <div class=\"day\">12<\/div>\n\t                    <div class=\"month\">Ago<\/div>\n\t                <\/div>\n                \n                <div class=\"post-text \">\n                    <h3><a href=\"https:\/\/new.markaurelioserramenti.it\/index.php\/esterni\/prodotti-di-qualita-superiore-per-i-tuoi-esterni\">Prodotti di qualit\u00e0 superiore per i tuoi esterni<\/a><\/h3>\n                    <p>Lorem ipsum dolor sit amet, consectetur adipiscing elit. Nunc mattis ligula pellentesque nisi tristique porta. Vestibulum eget nisi...<\/p>\n                <\/div>\n\n                            <\/div>\n        <\/li>\n               <li class=\"col-md-6 item\">\n            <div class=\"post-content\">\n                <div class=\"post-image\">\n                                        \t                  \t\t                  \t\t<a href=\"https:\/\/new.markaurelioserramenti.it\/index.php\/sicurezza\/i-prodotti-con-i-piu-alti-standard-di-sicurezza-del-2025\" title=\"I prodotti con i pi\u00f9 alti standard di sicurezza del 2025\">\n\t\t\t\t\t\t\t\t<img loading=\"lazy\" decoding=\"async\" width=\"540\" height=\"300\" src=\"https:\/\/new.markaurelioserramenti.it\/wp-content\/uploads\/2015\/07\/pic-blog-1-540x300.jpg\" class=\"attachment-thumb-blog size-thumb-blog wp-post-image\" alt=\"\" title=\"pic-blog-1\" \/>\t\t\t\t\t\t\t<\/a>\n\t\t\t\t\t\t                  \t                <\/div>\n                \t                <div class=\"date-box\">\n\t                    <div class=\"day\">11<\/div>\n\t                    <div class=\"month\">Ago<\/div>\n\t                <\/div>\n                \n                <div class=\"post-text \">\n                    <h3><a href=\"https:\/\/new.markaurelioserramenti.it\/index.php\/sicurezza\/i-prodotti-con-i-piu-alti-standard-di-sicurezza-del-2025\">I prodotti con i pi\u00f9 alti standard di sicurezza del 2025<\/a><\/h3>\n                    <p>Lorem ipsum dolor sit amet, consectetur adipiscing elit. Nunc mattis ligula pellentesque nisi tristique porta. Vestibulum eget nisi...<\/p>\n                <\/div>\n\n                            <\/div>\n        <\/li>\n           <\/ul>\n    \n[\/vc_column][\/vc_row]<\/p>\n<\/div>","protected":false},"excerpt":{"rendered":"<p>[vc_row css=&#8221;.vc_custom_1453975727142{padding-top: 90px !important;padding-bottom: 30px !important;}&#8221;][vc_column width=&#8221;1\/3&#8243;][vc_raw_html]JTNDdWwlMjBpZCUzRCUyMnNlcnZpY2VzLWxpc3QlMjIlMjBjbGFzcyUzRCUyMm1lbnUlMjIlM0UlM0NsaSUyMGlkJTNEJTIybWVudS1pdGVtLTE2NTQlMjIlMjBjbGFzcyUzRCUyMm1lbnUtaXRlbSUyMG1lbnUtaXRlbS10eXBlLWN1c3RvbSUyMG1lbnUtaXRlbS1vYmplY3QtY3VzdG9tJTIwY3VycmVudC1tZW51LWl0ZW0lMjBtZW51LWl0ZW0tMTY1NCUyMiUzRSUzQ2ElMjBocmVmJTNEJTIyJTIzJTIyJTIwYXJpYS1jdXJyZW50JTNEJTIycGFnZSUyMiUzRUZBQkJSTyUzQyUyRmElM0UlM0MlMkZsaSUzRSUwQSUzQ2xpJTIwaWQlM0QlMjJtZW51LWl0ZW0tMTY1NSUyMiUyMGNsYXNzJTNEJTIybWVudS1pdGVtJTIwbWVudS1pdGVtLXR5cGUtY3VzdG9tJTIwbWVudS1pdGVtLW9iamVjdC1jdXN0b20lMjBtZW51LWl0ZW0tMTY1NSUyMiUzRSUzQ2ElMjBocmVmJTNEJTIyaHR0cHMlM0ElMkYlMkZuZXcubWFya2F1cmVsaW9zZXJyYW1lbnRpLml0JTJGaW5kZXgucGhwJTJGbGF2b3JhemlvbmktbGFtaWVyYXRpLWF2ZXp6YW5vJTIyJTNFTEFNSUVSQVRJJTNDJTJGYSUzRSUzQyUyRmxpJTNFJTBBJTNDbGklMjBpZCUzRCUyMm1lbnUtaXRlbS0xNjU1JTIyJTIwY2xhc3MlM0QlMjJtZW51LWl0ZW0lMjBtZW51LWl0ZW0tdHlwZS1jdXN0b20lMjBtZW51LWl0ZW0tb2JqZWN0LWN1c3RvbSUyMG1lbnUtaXRlbS0xNjU1JTIyJTNFJTNDYSUyMGhyZWYlM0QlMjJodHRwcyUzQSUyRiUyRm5ldy5tYXJrYXVyZWxpb3NlcnJhbWVudGkuaXQlMkZpbmRleC5waHAlMkZhY2NpYWlvLWlub3gtYXZlenphbm8lMjIlM0VBQ0NJQUlPJTIwSU5PWCUzQyUyRmElM0UlM0MlMkZsaSUzRSUwQSUzQyUyRnVsJTNFJTIw[\/vc_raw_html][\/vc_column][vc_column width=&#8221;1\/3&#8243;][vc_column_text] FABBRO Hai bisogno di un\u00a0fabbro ad Avezzano\u00a0che sia pronto a intervenire in caso di necessit\u00e0? Vuoi richiedere alcune lavorazioni in ferro di qualit\u00e0 o migliorie e modifiche per la tua casa? La nostra azienda vanta pi\u00f9 di 25 anni di esperienza nel campo della lavorazione del ferro [&hellip;]<\/p>\n","protected":false},"author":1,"featured_media":0,"parent":0,"menu_order":0,"comment_status":"closed","ping_status":"closed","template":"page-templates\/template-fullwidth.php","meta":{"footnotes":""},"class_list":["post-1862","page","type-page","status-publish","hentry"],"_links":{"self":[{"href":"https:\/\/new.markaurelioserramenti.it\/index.php\/wp-json\/wp\/v2\/pages\/1862","targetHints":{"allow":["GET"]}}],"collection":[{"href":"https:\/\/new.markaurelioserramenti.it\/index.php\/wp-json\/wp\/v2\/pages"}],"about":[{"href":"https:\/\/new.markaurelioserramenti.it\/index.php\/wp-json\/wp\/v2\/types\/page"}],"author":[{"embeddable":true,"href":"https:\/\/new.markaurelioserramenti.it\/index.php\/wp-json\/wp\/v2\/users\/1"}],"replies":[{"embeddable":true,"href":"https:\/\/new.markaurelioserramenti.it\/index.php\/wp-json\/wp\/v2\/comments?post=1862"}],"version-history":[{"count":9,"href":"https:\/\/new.markaurelioserramenti.it\/index.php\/wp-json\/wp\/v2\/pages\/1862\/revisions"}],"predecessor-version":[{"id":2262,"href":"https:\/\/new.markaurelioserramenti.it\/index.php\/wp-json\/wp\/v2\/pages\/1862\/revisions\/2262"}],"wp:attachment":[{"href":"https:\/\/new.markaurelioserramenti.it\/index.php\/wp-json\/wp\/v2\/media?parent=1862"}],"curies":[{"name":"wp","href":"https:\/\/api.w.org\/{rel}","templated":true}]}}