{"id":1698,"date":"2024-02-02T16:30:20","date_gmt":"2024-02-02T16:30:20","guid":{"rendered":"https:\/\/new.markaurelioserramenti.it\/?page_id=1698"},"modified":"2024-02-16T07:41:24","modified_gmt":"2024-02-16T07:41:24","slug":"sicurezza","status":"publish","type":"page","link":"https:\/\/new.markaurelioserramenti.it\/index.php\/sicurezza","title":{"rendered":"SICUREZZA"},"content":{"rendered":"<div class=\"wpb-content-wrapper\"><p>[vc_row css=&#8221;.vc_custom_1453975727142{padding-top: 90px !important;padding-bottom: 30px !important;}&#8221;][vc_column width=&#8221;1\/4&#8243;][vc_column_text]<\/p>\n<h3>PORTONI BLINDATI<\/h3>\n<p>Le porte e i portoni blindati da noi realizzati costituiscono un valido mezzo per proteggere un qualsivoglia ambiente chiuso dai tentativi di effrazione, attacchi provenienti dall\u2019esterno, furti e intrusioni da parte di estranei.[\/vc_column_text][vc_single_image image=&#8221;2138&#8243; img_size=&#8221;300X150&#8243;][vc_btn title=&#8221;APPROFONDISCI&#8221; style=&#8221;outline-custom&#8221; outline_custom_color=&#8221;#ffffff&#8221; outline_custom_hover_background=&#8221;#fab207&#8243; outline_custom_hover_text=&#8221;#000000&#8243; shape=&#8221;square&#8221; align=&#8221;center&#8221; i_align=&#8221;right&#8221; i_icon_fontawesome=&#8221;fas fa-chevron-right&#8221; button_block=&#8221;true&#8221; add_icon=&#8221;true&#8221; css=&#8221;.vc_custom_1707484030101{background-color: #0a0a0a !important;}&#8221; link=&#8221;url:https%3A%2F%2Fnew.markaurelioserramenti.it%2Findex.php%2Fportoni-blindati-avezzano|title:Portoni%20blindati|target:_blank&#8221;][\/vc_column][vc_column width=&#8221;1\/4&#8243;][vc_column_text]<\/p>\n<h3>PERSIANE BLINDATE<\/h3>\n<p>Le persiane prodotte da Markaurelio, grazie alla loro struttura resistente e robusta, sono in grado di offrire una barriera di difesa contro intrusioni indesiderate e tentativi di effrazione senza compromettere l&#8217;estetica degli ambienti.[\/vc_column_text][vc_single_image image=&#8221;145&#8243; img_size=&#8221;300X150&#8243;][vc_btn title=&#8221;APPROFONDISCI&#8221; style=&#8221;outline-custom&#8221; outline_custom_color=&#8221;#ffffff&#8221; outline_custom_hover_background=&#8221;#fab207&#8243; outline_custom_hover_text=&#8221;#000000&#8243; shape=&#8221;square&#8221; align=&#8221;center&#8221; i_align=&#8221;right&#8221; i_icon_fontawesome=&#8221;fas fa-chevron-right&#8221; button_block=&#8221;true&#8221; add_icon=&#8221;true&#8221; css=&#8221;.vc_custom_1707484092212{background-color: #0a0a0a !important;}&#8221; link=&#8221;url:https%3A%2F%2Fnew.markaurelioserramenti.it%2Findex.php%2Fpersiane-blindate|title:Persiane%20blindate|target:_blank&#8221;][\/vc_column][vc_column width=&#8221;1\/4&#8243;][vc_column_text]<\/p>\n<h3>GRATE DI SICUREZZA<\/h3>\n<p>La produzione di grate di sicurezza \u00e8 un settore in cui l\u2019azienda Markaurelio grazie all\u2019esperienza e alla competenza acquisite nel corso degli anni, Markaurelio offre soluzioni di alta qualit\u00e0 per garantire la sicurezza di ogni tipo di ambiente.[\/vc_column_text][vc_single_image image=&#8221;145&#8243; img_size=&#8221;300X150&#8243;][vc_btn title=&#8221;APPROFONDISCI&#8221; style=&#8221;outline-custom&#8221; outline_custom_color=&#8221;#ffffff&#8221; outline_custom_hover_background=&#8221;#fab207&#8243; outline_custom_hover_text=&#8221;#000000&#8243; shape=&#8221;square&#8221; align=&#8221;center&#8221; i_align=&#8221;right&#8221; i_icon_fontawesome=&#8221;fas fa-chevron-right&#8221; button_block=&#8221;true&#8221; add_icon=&#8221;true&#8221; css=&#8221;.vc_custom_1707484131299{background-color: #0a0a0a !important;}&#8221; link=&#8221;url:https%3A%2F%2Fnew.markaurelioserramenti.it%2Findex.php%2Fgrate-di-sicurezza|title:Grate%20di%20Sicurezza|target:_blank&#8221;][\/vc_column][vc_column width=&#8221;1\/4&#8243;][vc_column_text]<\/p>\n<h3>AVVOLGIBILI BLINDATI<\/h3>\n<p>Tra le numerose aziende del settore, spicca in particolare Markaurelio, una realt\u00e0 consolidata che offre una vasta gamma di avvolgibili blindati di alta qualit\u00e0 con materiali resistente e con un alto grado di durabilit\u00e0.[\/vc_column_text][vc_single_image image=&#8221;145&#8243; img_size=&#8221;300X150&#8243;][vc_btn title=&#8221;APPROFONDISCI&#8221; style=&#8221;outline-custom&#8221; outline_custom_color=&#8221;#ffffff&#8221; outline_custom_hover_background=&#8221;#fab207&#8243; outline_custom_hover_text=&#8221;#000000&#8243; shape=&#8221;square&#8221; align=&#8221;center&#8221; i_align=&#8221;right&#8221; i_icon_fontawesome=&#8221;fas fa-chevron-right&#8221; button_block=&#8221;true&#8221; add_icon=&#8221;true&#8221; css=&#8221;.vc_custom_1707484166514{background-color: #0a0a0a !important;}&#8221; link=&#8221;url:https%3A%2F%2Fnew.markaurelioserramenti.it%2Findex.php%2Favvolgibili-blindati|title:Avvolgibili%20Blindati|target:_blank&#8221;][\/vc_column][\/vc_row][vc_row el_class=&#8221;call-to-action bg-color dark text-center&#8221; css=&#8221;.vc_custom_1453975681358{padding-top: 60px !important;padding-bottom: 60px !important;}&#8221;][vc_column]\t\t\t\n\t<!-- Element: OT Button --> \n\t\t\t<a href=\"#\" target=\"_self\" class=\"btn btn-line-black btn-big  \">RICHIEDI UN PREVENTIVO<\/a>\n\t    \n[\/vc_column][\/vc_row]<\/p>\n<\/div>","protected":false},"excerpt":{"rendered":"<p>[vc_row css=&#8221;.vc_custom_1453975727142{padding-top: 90px !important;padding-bottom: 30px !important;}&#8221;][vc_column width=&#8221;1\/4&#8243;][vc_column_text] PORTONI BLINDATI Le porte e i portoni blindati da noi realizzati costituiscono un valido mezzo per proteggere un qualsivoglia ambiente chiuso dai tentativi di effrazione, attacchi provenienti dall\u2019esterno, furti e intrusioni da parte di estranei.[\/vc_column_text][vc_single_image image=&#8221;2138&#8243; img_size=&#8221;300X150&#8243;][vc_btn title=&#8221;APPROFONDISCI&#8221; style=&#8221;outline-custom&#8221; outline_custom_color=&#8221;#ffffff&#8221; outline_custom_hover_background=&#8221;#fab207&#8243; outline_custom_hover_text=&#8221;#000000&#8243; shape=&#8221;square&#8221; align=&#8221;center&#8221; i_align=&#8221;right&#8221; i_icon_fontawesome=&#8221;fas fa-chevron-right&#8221; button_block=&#8221;true&#8221; [&hellip;]<\/p>\n","protected":false},"author":1,"featured_media":0,"parent":0,"menu_order":0,"comment_status":"closed","ping_status":"closed","template":"page-templates\/template-fullwidth.php","meta":{"footnotes":""},"class_list":["post-1698","page","type-page","status-publish","hentry"],"_links":{"self":[{"href":"https:\/\/new.markaurelioserramenti.it\/index.php\/wp-json\/wp\/v2\/pages\/1698","targetHints":{"allow":["GET"]}}],"collection":[{"href":"https:\/\/new.markaurelioserramenti.it\/index.php\/wp-json\/wp\/v2\/pages"}],"about":[{"href":"https:\/\/new.markaurelioserramenti.it\/index.php\/wp-json\/wp\/v2\/types\/page"}],"author":[{"embeddable":true,"href":"https:\/\/new.markaurelioserramenti.it\/index.php\/wp-json\/wp\/v2\/users\/1"}],"replies":[{"embeddable":true,"href":"https:\/\/new.markaurelioserramenti.it\/index.php\/wp-json\/wp\/v2\/comments?post=1698"}],"version-history":[{"count":7,"href":"https:\/\/new.markaurelioserramenti.it\/index.php\/wp-json\/wp\/v2\/pages\/1698\/revisions"}],"predecessor-version":[{"id":2139,"href":"https:\/\/new.markaurelioserramenti.it\/index.php\/wp-json\/wp\/v2\/pages\/1698\/revisions\/2139"}],"wp:attachment":[{"href":"https:\/\/new.markaurelioserramenti.it\/index.php\/wp-json\/wp\/v2\/media?parent=1698"}],"curies":[{"name":"wp","href":"https:\/\/api.w.org\/{rel}","templated":true}]}}