{"id":1175,"date":"2016-11-25T11:36:50","date_gmt":"2016-11-25T11:36:50","guid":{"rendered":"http:\/\/demo.oceanthemes.net\/archi\/?page_id=1175"},"modified":"2025-02-24T08:19:30","modified_gmt":"2025-02-24T08:19:30","slug":"homepage-new","status":"publish","type":"page","link":"https:\/\/new.markaurelioserramenti.it\/","title":{"rendered":"Homepage New"},"content":{"rendered":"<div class=\"wpb-content-wrapper\"><p>[vc_row fullwidth=&#8221;yes&#8221; archi_fullheight=&#8221;yes&#8221; archi_parallax=&#8221;yes&#8221; css=&#8221;.vc_custom_1726733908251{padding-top: 90px !important;padding-bottom: 90px !important;background-image: url(https:\/\/new.markaurelioserramenti.it\/wp-content\/uploads\/2024\/09\/Markaurelio-Avezzano-Serramenti.jpg?id=2183) !important;}&#8221; el_class=&#8221;no-relative full-height&#8221;][vc_column]\t\n\t<!-- Element: OT Home Parallax Image Landing -->\n\t   \n    <div class=\"center-y text-center\">\n    \t \n\t\t\t<div class=\"spacer-double\"><\/div>\n\t\t\n    \t\t        <h1 class=\"title\" style=\"color:#ffffff;\">MARKAURELIO <strong>Innovazione<\/strong> ESPERIENZA<\/h1>\n\t     \n\t    \n\t       \n\t    \t<div class=\"spacer-single\"><\/div>\n\t    \n                <a href=\"https:\/\/new.markaurelioserramenti.it\/index.php\/contatti\" class=\"btn-slider scroll-to\" title=\"PREVENTIVO\" target=\"_self\">PREVENTIVO<\/a>        \n    <\/div>\n    \n[\/vc_column][\/vc_row][vc_row][vc_column el_class=&#8221;mt-70&#8243;]\t<!-- Element: OT Featured Boxes 2 --> \n   <div class=\"row\">\n            \t<div class=\" wow fadeInRight col-md-4 text-middle\" data-wow-delay=\"1s\" >\n            <div class=\"shadow-soft\" data-bgimage=\"url(https:\/\/new.markaurelioserramenti.it\/wp-content\/uploads\/2024\/02\/Serramenti-home.jpg)\">\n                <div class=\"padding40 overlay60\">\n                    <h3>Serramenti<\/h3>                \t<p>Scopri i migliori serramenti per la tua casa, con infissi di qualit\u00e0, zanzariere integrate e automazioni all'avanguardia. Completa l'ambiente con porte interne e portoni impeccabili, Markaurelio i tuoi esperti al tuo servizio.<\/p>                    <a href=\"https:\/\/new.markaurelioserramenti.it\/index.php\/serramenti\" target=\"_self\" class=\"btn-line btn-fullwidth\">Approfondisci<\/a>                <\/div>\n            <\/div>\n        <\/div>\n            \t<div class=\" wow fadeInRight col-md-4 text-middle\" data-wow-delay=\"2s\" >\n            <div class=\"shadow-soft\" data-bgimage=\"url(https:\/\/new.markaurelioserramenti.it\/wp-content\/uploads\/2016\/11\/p3_b.jpg)\">\n                <div class=\"padding40 overlay60\">\n                    <h3>Esterni<\/h3>                \t<p>Valorizza i tuoi esterni con tettoie in vetro che regalano luce e stile, abbinate a tende solari per un comfort ottimale. Con Markaurelio potrai arredare il tuo giardino con pergole eleganti e balaustre in vetro, per un'atmosfera unica e moderna,<\/p>                    <a href=\"https:\/\/new.markaurelioserramenti.it\/index.php\/esterni\" target=\"_self\" class=\"btn-line btn-fullwidth\">Approfondisci<\/a>                <\/div>\n            <\/div>\n        <\/div>\n            \t<div class=\" wow fadeInRight col-md-4 text-middle\" data-wow-delay=\"3s\" >\n            <div class=\"shadow-soft\" data-bgimage=\"url(https:\/\/new.markaurelioserramenti.it\/wp-content\/uploads\/2024\/02\/Sicurezzaz-home.jpg)\">\n                <div class=\"padding40 overlay60\">\n                    <h3>Sicurezza<\/h3>                \t<p>Garantisci la massima sicurezza con portoni blindati e grate di sicurezza per proteggere la tua casa, il tuo ufficio o il tuo appartamento. Le persiane blindate e gli avvolgibili blindati aggiungono ulteriore protezione e tranquillit\u00e0 per te e la tua famiglia.<\/p>                    <a href=\"https:\/\/new.markaurelioserramenti.it\/index.php\/sicurezza\" target=\"_self\" class=\"btn-line btn-fullwidth\">Approfondisci<\/a>                <\/div>\n            <\/div>\n        <\/div>\n         <\/div>\n\n[\/vc_column][\/vc_row][vc_row el_id=&#8221;section-why-choose-us-2&#8243; css=&#8221;.vc_custom_1480068996195{padding-top: 90px !important;padding-bottom: 90px !important;}&#8221;][vc_column width=&#8221;1\/3&#8243;][vc_single_image image=&#8221;1038&#8243; img_size=&#8221;full&#8221; css=&#8221;.vc_custom_1495190029776{margin-bottom: 0px !important;}&#8221;][\/vc_column][vc_column width=&#8221;2\/3&#8243; animate=&#8221;fadeinup&#8221; delay=&#8221;0&#8243;][vc_row_inner][vc_column_inner width=&#8221;1\/2&#8243; animate=&#8221;fadeinright&#8221; delay=&#8221;0&#8243;]\t\t\n\t<!-- OT Info Apps 2 -->\n    <div class=\" box-icon \">\n\t     \n\t    \t<span class=\"icon wow fadeIn\" data-wow-delay=&quot;.5s&quot;>\n\t        \t<i class=\"id-color icon-pencil\" ><\/i>\n\t        <\/span>\n\t       \n        <div class=\"text\">\n            <h3>PROGETTAZIONE D'INTERNI<\/h3>\n            <p>Trasforma i tuoi spazi con una progettazione d'interni su misura! Contattaci oggi stesso per dare vita alla casa dei tuoi sogni.<\/p>\n                    <\/div>        \n    <\/div>    \n\n[\/vc_column_inner][vc_column_inner width=&#8221;1\/2&#8243; animate=&#8221;fadeinright&#8221; delay=&#8221;.25&#8243;]\t\t\n\t<!-- OT Info Apps 2 -->\n    <div class=\" box-icon \">\n\t     \n\t    \t<span class=\"icon wow fadeIn\" data-wow-delay=&quot;.75s&quot;>\n\t        \t<i class=\"id-color icon-trophy\" ><\/i>\n\t        <\/span>\n\t       \n        <div class=\"text\">\n            <h3>DOMAL MAESTRI SERRAMENTISTI<\/h3>\n            <p>Serramentisti altamente qualificati, infissi in alluminio a regola d'arte che rendono la tua abitazione confortevole e energeticamente efficiente.<\/p>\n                    <\/div>        \n    <\/div>    \n\n[\/vc_column_inner][vc_column_inner][vc_empty_space height=&#8221;30px&#8221;][\/vc_column_inner][vc_column_inner width=&#8221;1\/2&#8243; animate=&#8221;fadeinright&#8221; delay=&#8221;.5&#8243;]\t\t\n\t<!-- OT Info Apps 2 -->\n    <div class=\" box-icon \">\n\t     \n\t    \t<span class=\"icon wow fadeIn\" data-wow-delay=&quot;1.25s&quot;>\n\t        \t<i class=\"id-color icon-wallet\" ><\/i>\n\t        <\/span>\n\t       \n        <div class=\"text\">\n            <h3>MIGLIORI PREZZI SUL MERCATO<\/h3>\n            <p>Approfitta ora delle migliori offerte sul mercato! Scopri i prezzi imbattibili e la qualit\u00e0 dei nostri prodotti. Contattaci oggi stesso!<\/p>\n                    <\/div>        \n    <\/div>    \n\n[\/vc_column_inner][vc_column_inner width=&#8221;1\/2&#8243; animate=&#8221;fadeinright&#8221; delay=&#8221;.75&#8243;]\t\t\n\t<!-- OT Info Apps 2 -->\n    <div class=\" box-icon \">\n\t     \n\t    \t<span class=\"icon wow fadeIn\" data-wow-delay=&quot;1s&quot;>\n\t        \t<i class=\"id-color icon-chat\" ><\/i>\n\t        <\/span>\n\t       \n        <div class=\"text\">\n            <h3>CONSULENZA GRATUITA<\/h3>\n            <p>Richiedi subito la tua consulenza gratuita! Approfitta dell'opportunit\u00e0 per ricevere consigli esperti senza alcun costo. Chiama ora o vienici a trovare.<\/p>\n                    <\/div>        \n    <\/div>    \n\n[\/vc_column_inner][vc_column_inner][vc_empty_space height=&#8221;30px&#8221;][\/vc_column_inner][vc_column_inner width=&#8221;1\/2&#8243; animate=&#8221;fadeinright&#8221; delay=&#8221;1&#8243;]\t\t\n\t<!-- OT Info Apps 2 -->\n    <div class=\" box-icon \">\n\t     \n\t    \t<span class=\"icon wow fadeIn\" data-wow-delay=&quot;1.75s&quot;>\n\t        \t<i class=\"id-color icon-envelope\" ><\/i>\n\t        <\/span>\n\t       \n        <div class=\"text\">\n            <h3>ASSISTENZA POSTVENDITA<\/h3>\n            <p>Markaurelio ti offre un supporto dedicato e risolvere ogni tua necessit\u00e0. Il nostro team \u00e8 pronto ad aiutarti a dissipare ogni tuo dubbio.<\/p>\n                    <\/div>        \n    <\/div>    \n\n[\/vc_column_inner][vc_column_inner width=&#8221;1\/2&#8243; animate=&#8221;fadeinright&#8221; delay=&#8221;1.25&#8243;]\t\t\n\t<!-- OT Info Apps 2 -->\n    <div class=\" box-icon \">\n\t     \n\t    \t<span class=\"icon wow fadeIn\" data-wow-delay=&quot;1.5s&quot;>\n\t        \t<i class=\"id-color icon-recycle\" ><\/i>\n\t        <\/span>\n\t       \n        <div class=\"text\">\n            <h3>GARANZIA<\/h3>\n            <p>Approfitta della nostra garanzia sui prodotti acquistati per assicurarti tranquillit\u00e0 e sicurezza.<\/p>\n                    <\/div>        \n    <\/div>    \n\n[\/vc_column_inner][\/vc_row_inner][\/vc_column][\/vc_row][vc_row css=&#8221;.vc_custom_1708075221782{padding-top: 90px !important;padding-bottom: 90px !important;background-image: url(https:\/\/new.markaurelioserramenti.it\/wp-content\/uploads\/2024\/02\/Domal-Maestri-Serramentisti.jpeg?id=2165) !important;}&#8221; el_class=&#8221;bg-fixed&#8221;][vc_column width=&#8221;1\/2&#8243;][vc_column_text]<\/p>\n<h2>Domal Maestri Serramentisti<\/h2>\n<p class=\"lead\">Cosa significa?<\/p>\n<p>Promuovere il sapiente lavoro di serramentisti altamente qualificati che, creando infissi in alluminio a regola d\u2019arte, contribuiscono alla realizzazione di abitazioni pi\u00f9 confortevoli, energeticamente efficienti e sostenibili.<br \/>\nL\u2019accento \u00e8 dunque posto innanzitutto sulla qualit\u00e0 offerta dai Partner, la cui esperienza \u00e8 garanzia di un eccellente servizio di consulenza, assistenza ed installazione.<\/p>\n<p><a class=\"btn-custom\" href=\"http:\/\/demo.archiwp.com\/about\/\">Approfondisci<\/a>[\/vc_column_text][\/vc_column][vc_column width=&#8221;1\/2&#8243;][vc_single_image image=&#8221;2161&#8243; img_size=&#8221;full&#8221; css=&#8221;.vc_custom_1708074207452{margin-bottom: 0px !important;}&#8221;][\/vc_column][\/vc_row][vc_row equal_height=&#8221;yes&#8221; rtl_reverse=&#8221;yes&#8221; content_placement=&#8221;middle&#8221; css_animation=&#8221;fadeInRight&#8221; el_class=&#8221;bg-color text-dark text-center&#8221; css=&#8221;.vc_custom_1740381951342{padding-top: 40px !important;padding-bottom: 40px !important;}&#8221;][vc_column animate=&#8221;fadeinup&#8221;][vc_column_text]<\/p>\n<h2>Markaurelio 25 anni al tuo servizio!<\/h2>\n<p>[\/vc_column_text][\/vc_column][\/vc_row][vc_row equal_height=&#8221;yes&#8221; content_placement=&#8221;middle&#8221; css_animation=&#8221;flipInX&#8221; css=&#8221;.vc_custom_1740382143449{padding-top: 30px !important;padding-bottom: 90px !important;}&#8221; el_class=&#8221;filter-margin-bottom-40&#8243;][vc_column el_class=&#8221;filter-mb-60&#8243;][\/vc_column][\/vc_row][vc_row archi_parallax=&#8221;yes&#8221; css=&#8221;.vc_custom_1495188565457{padding-top: 90px !important;padding-bottom: 90px !important;background-image: url(http:\/\/demo.oceanthemes.net\/archi\/wp-content\/uploads\/2016\/08\/bg-16.jpg?id=1035) !important;}&#8221;][vc_column]\t\n\t<!-- Element: OT Blog Slider -->\n    <div class=\"clearfix\"><\/div>\t\t\t\n    <ul class=\"blog-carousel blog-list blog-snippet wow fadeInUp\" data-visible=\"2\" data-autoplay=\"false\" data-speed=\"200\" data-navspeed=\"800\" data-rewinspeed=\"1000\">\n    \t        <li class=\"col-md-6 item\">\n            <div class=\"post-content\">\n                <div class=\"post-image\">\n                                        \t                  \t\t                  \t\t<a href=\"https:\/\/new.markaurelioserramenti.it\/index.php\/serramenti\/i-migliori-serramenti-sul-mercato\" title=\"I migliori serramenti sul mercato\">\n\t\t\t\t\t\t\t\t<img loading=\"lazy\" decoding=\"async\" width=\"540\" height=\"300\" src=\"https:\/\/new.markaurelioserramenti.it\/wp-content\/uploads\/2015\/07\/pic-blog-4-540x300.jpg\" class=\"attachment-thumb-blog size-thumb-blog wp-post-image\" alt=\"\" title=\"pic-blog-4\" \/>\t\t\t\t\t\t\t<\/a>\n\t\t\t\t\t\t                  \t                <\/div>\n                \t                <div class=\"date-box\">\n\t                    <div class=\"day\">13<\/div>\n\t                    <div class=\"month\">Ago<\/div>\n\t                <\/div>\n                \n                <div class=\"post-text \">\n                    <h3><a href=\"https:\/\/new.markaurelioserramenti.it\/index.php\/serramenti\/i-migliori-serramenti-sul-mercato\">I migliori serramenti sul mercato<\/a><\/h3>\n                    <p>Lorem ipsum dolor sit amet, consectetur adipiscing elit. Nunc mattis ligula pellentesque nisi tristique porta. Vestibulum eget nisi...<\/p>\n                <\/div>\n\n                            <\/div>\n        <\/li>\n               <li class=\"col-md-6 item\">\n            <div class=\"post-content\">\n                <div class=\"post-image\">\n                                                          \t\n\t                  \t\t                  \t\t<a href=\"https:\/\/new.markaurelioserramenti.it\/index.php\/esterni\/prodotti-di-qualita-superiore-per-i-tuoi-esterni\" title=\"Prodotti di qualit\u00e0 superiore per i tuoi esterni\">\n\t\t\t\t\t\t\t\t<img loading=\"lazy\" decoding=\"async\" width=\"540\" height=\"300\" src=\"https:\/\/new.markaurelioserramenti.it\/wp-content\/uploads\/2015\/07\/pic-blog-2-540x300.jpg\" class=\"attachment-thumb-blog size-thumb-blog wp-post-image\" alt=\"\" title=\"pic-blog-2\" \/>\t\n\t\t\t\t\t\t\t<\/a>\t\t\t\t\t\t\t\t\t\t\t\t\n\t\t\t\t\t\t                  \t                <\/div>\n                \t                <div class=\"date-box\">\n\t                    <div class=\"day\">12<\/div>\n\t                    <div class=\"month\">Ago<\/div>\n\t                <\/div>\n                \n                <div class=\"post-text \">\n                    <h3><a href=\"https:\/\/new.markaurelioserramenti.it\/index.php\/esterni\/prodotti-di-qualita-superiore-per-i-tuoi-esterni\">Prodotti di qualit\u00e0 superiore per i tuoi esterni<\/a><\/h3>\n                    <p>Lorem ipsum dolor sit amet, consectetur adipiscing elit. Nunc mattis ligula pellentesque nisi tristique porta. Vestibulum eget nisi...<\/p>\n                <\/div>\n\n                            <\/div>\n        <\/li>\n               <li class=\"col-md-6 item\">\n            <div class=\"post-content\">\n                <div class=\"post-image\">\n                                        \t                  \t\t                  \t\t<a href=\"https:\/\/new.markaurelioserramenti.it\/index.php\/sicurezza\/i-prodotti-con-i-piu-alti-standard-di-sicurezza-del-2025\" title=\"I prodotti con i pi\u00f9 alti standard di sicurezza del 2025\">\n\t\t\t\t\t\t\t\t<img loading=\"lazy\" decoding=\"async\" width=\"540\" height=\"300\" src=\"https:\/\/new.markaurelioserramenti.it\/wp-content\/uploads\/2015\/07\/pic-blog-1-540x300.jpg\" class=\"attachment-thumb-blog size-thumb-blog wp-post-image\" alt=\"\" title=\"pic-blog-1\" \/>\t\t\t\t\t\t\t<\/a>\n\t\t\t\t\t\t                  \t                <\/div>\n                \t                <div class=\"date-box\">\n\t                    <div class=\"day\">11<\/div>\n\t                    <div class=\"month\">Ago<\/div>\n\t                <\/div>\n                \n                <div class=\"post-text \">\n                    <h3><a href=\"https:\/\/new.markaurelioserramenti.it\/index.php\/sicurezza\/i-prodotti-con-i-piu-alti-standard-di-sicurezza-del-2025\">I prodotti con i pi\u00f9 alti standard di sicurezza del 2025<\/a><\/h3>\n                    <p>Lorem ipsum dolor sit amet, consectetur adipiscing elit. Nunc mattis ligula pellentesque nisi tristique porta. Vestibulum eget nisi...<\/p>\n                <\/div>\n\n                            <\/div>\n        <\/li>\n           <\/ul>\n    \n[\/vc_column][\/vc_row]<\/p>\n<\/div>","protected":false},"excerpt":{"rendered":"<p>[vc_row fullwidth=&#8221;yes&#8221; archi_fullheight=&#8221;yes&#8221; archi_parallax=&#8221;yes&#8221; css=&#8221;.vc_custom_1726733908251{padding-top: 90px !important;padding-bottom: 90px !important;background-image: url(https:\/\/new.markaurelioserramenti.it\/wp-content\/uploads\/2024\/09\/Markaurelio-Avezzano-Serramenti.jpg?id=2183) !important;}&#8221; el_class=&#8221;no-relative full-height&#8221;][vc_column][\/vc_column][\/vc_row][vc_row][vc_column el_class=&#8221;mt-70&#8243;][\/vc_column][\/vc_row][vc_row el_id=&#8221;section-why-choose-us-2&#8243; css=&#8221;.vc_custom_1480068996195{padding-top: 90px !important;padding-bottom: 90px !important;}&#8221;][vc_column width=&#8221;1\/3&#8243;][vc_single_image image=&#8221;1038&#8243; img_size=&#8221;full&#8221; css=&#8221;.vc_custom_1495190029776{margin-bottom: 0px !important;}&#8221;][\/vc_column][vc_column width=&#8221;2\/3&#8243; animate=&#8221;fadeinup&#8221; delay=&#8221;0&#8243;][vc_row_inner][vc_column_inner width=&#8221;1\/2&#8243; animate=&#8221;fadeinright&#8221; delay=&#8221;0&#8243;][\/vc_column_inner][vc_column_inner width=&#8221;1\/2&#8243; animate=&#8221;fadeinright&#8221; delay=&#8221;.25&#8243;][\/vc_column_inner][vc_column_inner][vc_empty_space height=&#8221;30px&#8221;][\/vc_column_inner][vc_column_inner width=&#8221;1\/2&#8243; animate=&#8221;fadeinright&#8221; delay=&#8221;.5&#8243;][\/vc_column_inner][vc_column_inner width=&#8221;1\/2&#8243; animate=&#8221;fadeinright&#8221; delay=&#8221;.75&#8243;][\/vc_column_inner][vc_column_inner][vc_empty_space height=&#8221;30px&#8221;][\/vc_column_inner][vc_column_inner width=&#8221;1\/2&#8243; animate=&#8221;fadeinright&#8221; delay=&#8221;1&#8243;][\/vc_column_inner][vc_column_inner width=&#8221;1\/2&#8243; animate=&#8221;fadeinright&#8221; delay=&#8221;1.25&#8243;][\/vc_column_inner][\/vc_row_inner][\/vc_column][\/vc_row][vc_row css=&#8221;.vc_custom_1708075221782{padding-top: 90px !important;padding-bottom: 90px !important;background-image: url(https:\/\/new.markaurelioserramenti.it\/wp-content\/uploads\/2024\/02\/Domal-Maestri-Serramentisti.jpeg?id=2165) [&hellip;]<\/p>\n","protected":false},"author":1,"featured_media":0,"parent":0,"menu_order":0,"comment_status":"closed","ping_status":"closed","template":"page-templates\/template-canvas.php","meta":{"footnotes":""},"class_list":["post-1175","page","type-page","status-publish","hentry"],"_links":{"self":[{"href":"https:\/\/new.markaurelioserramenti.it\/index.php\/wp-json\/wp\/v2\/pages\/1175","targetHints":{"allow":["GET"]}}],"collection":[{"href":"https:\/\/new.markaurelioserramenti.it\/index.php\/wp-json\/wp\/v2\/pages"}],"about":[{"href":"https:\/\/new.markaurelioserramenti.it\/index.php\/wp-json\/wp\/v2\/types\/page"}],"author":[{"embeddable":true,"href":"https:\/\/new.markaurelioserramenti.it\/index.php\/wp-json\/wp\/v2\/users\/1"}],"replies":[{"embeddable":true,"href":"https:\/\/new.markaurelioserramenti.it\/index.php\/wp-json\/wp\/v2\/comments?post=1175"}],"version-history":[{"count":30,"href":"https:\/\/new.markaurelioserramenti.it\/index.php\/wp-json\/wp\/v2\/pages\/1175\/revisions"}],"predecessor-version":[{"id":2254,"href":"https:\/\/new.markaurelioserramenti.it\/index.php\/wp-json\/wp\/v2\/pages\/1175\/revisions\/2254"}],"wp:attachment":[{"href":"https:\/\/new.markaurelioserramenti.it\/index.php\/wp-json\/wp\/v2\/media?parent=1175"}],"curies":[{"name":"wp","href":"https:\/\/api.w.org\/{rel}","templated":true}]}}